{"id":146500,"date":"2024-10-21T15:19:29","date_gmt":"2024-10-21T13:19:29","guid":{"rendered":"https:\/\/alusys.ch\/feuerschutztueren\/"},"modified":"2024-11-22T20:14:51","modified_gmt":"2024-11-22T19:14:51","slug":"feuerschutztueren","status":"publish","type":"page","link":"https:\/\/alusys.ch\/de\/feuerschutztueren\/","title":{"rendered":"Feuerschutzt\u00fcren"},"content":{"rendered":"<div class=\"wpb-content-wrapper\"><p>[vc_row row_height_percent=&#8220;0&#8243; override_padding=&#8220;yes&#8220; h_padding=&#8220;2&#8243; top_padding=&#8220;5&#8243; bottom_padding=&#8220;3&#8243; overlay_alpha=&#8220;50&#8243; gutter_size=&#8220;3&#8243; column_width_percent=&#8220;100&#8243; shift_y=&#8220;0&#8243; z_index=&#8220;0&#8243; content_parallax=&#8220;0&#8243; uncode_shortcode_id=&#8220;606358&#8243;][vc_column width=&#8220;1\/1&#8243;][vc_custom_heading heading_semantic=&#8220;h1&#8243; text_font=&#8220;font-469684&#8243; text_size=&#8220;fontsize-338686&#8243; text_weight=&#8220;500&#8243; text_height=&#8220;fontheight-179065&#8243; sub_reduced=&#8220;yes&#8220; css_animation=&#8220;curtain&#8220; animation_delay=&#8220;200&#8243; uncode_shortcode_id=&#8220;122848&#8243;]Brandschutzt\u00fcren Sicherheit und Zuverl\u00e4ssigkeit f\u00fcr jede Umgebung[\/vc_custom_heading][vc_custom_heading text_font=&#8220;font-469684&#8243; text_weight=&#8220;400&#8243; text_height=&#8220;fontheight-357766&#8243; sub_reduced=&#8220;yes&#8220; css_animation=&#8220;curtain&#8220; animation_delay=&#8220;200&#8243; uncode_shortcode_id=&#8220;485871&#8243;]Alusys, ein f\u00fchrender Designer und Installateur von Aluminiumfenstern und -t\u00fcren in der Schweiz, bietet hochmoderne Brandschutzl\u00f6sungen mit zertifizierten Brandschutzt\u00fcren, die ideal sind, um Geb\u00e4ude vor der Ausbreitung von Flammen und Rauch zu sch\u00fctzen. Unsere T\u00fcren bieten nicht nur maximale Sicherheit, sondern vereinen auch Design und Funktionalit\u00e4t und entsprechen den h\u00f6chsten Qualit\u00e4tsstandards.[\/vc_custom_heading][\/vc_column][\/vc_row][vc_row row_height_percent=&#8220;0&#8243; override_padding=&#8220;yes&#8220; h_padding=&#8220;2&#8243; top_padding=&#8220;4&#8243; bottom_padding=&#8220;4&#8243; overlay_color=&#8220;color-xsdn&#8220; overlay_alpha=&#8220;70&#8243; gutter_size=&#8220;100&#8243; column_width_percent=&#8220;100&#8243; shift_y=&#8220;0&#8243; z_index=&#8220;0&#8243; style=&#8220;inherited&#8220; row_name=&#8220;Welcome&#8220;][vc_column column_width_percent=&#8220;100&#8243; gutter_size=&#8220;1&#8243; overlay_alpha=&#8220;50&#8243; shift_x=&#8220;0&#8243; shift_y=&#8220;0&#8243; shift_y_down=&#8220;0&#8243; z_index=&#8220;0&#8243; medium_width=&#8220;0&#8243; mobile_width=&#8220;0&#8243; sticky=&#8220;yes&#8220; width=&#8220;4\/12&#8243; uncode_shortcode_id=&#8220;116361&#8243;][vc_single_image media=&#8220;141112&#8243; media_width_percent=&#8220;100&#8243; uncode_shortcode_id=&#8220;100442&#8243;][vc_custom_heading heading_semantic=&#8220;h4&#8243; text_font=&#8220;font-469684&#8243; text_size=&#8220;h4&#8243; text_weight=&#8220;400&#8243; text_align=&#8220;text-left&#8220; text_uppercase=&#8220;&#8220; uncode_shortcode_id=&#8220;767214&#8243;]Janisol 2 EI30 Brandschutzt\u00fcren und -trennw\u00e4nde[\/vc_custom_heading][\/vc_column][vc_column column_width_percent=&#8220;100&#8243; gutter_size=&#8220;3&#8243; font_family=&#8220;font-469684&#8243; overlay_alpha=&#8220;50&#8243; shift_x=&#8220;0&#8243; shift_y=&#8220;0&#8243; shift_y_down=&#8220;0&#8243; z_index=&#8220;0&#8243; medium_width=&#8220;0&#8243; mobile_width=&#8220;0&#8243; zoom_width=&#8220;0&#8243; zoom_height=&#8220;0&#8243; width=&#8220;8\/12&#8243; uncode_shortcode_id=&#8220;170403&#8243;][vc_row_inner row_inner_height_percent=&#8220;0&#8243; overlay_alpha=&#8220;50&#8243; gutter_size=&#8220;4&#8243; shift_y=&#8220;0&#8243; limit_content=&#8220;&#8220;][vc_column_inner width=&#8220;1\/2&#8243;][vc_column_text text_lead=&#8220;yes&#8220; uncode_shortcode_id=&#8220;203836&#8243;]Kein anderes System ist in der Lage, die Anforderungen an die Geb\u00e4udesicherheit und die Anspr\u00fcche an die kreative Freiheit so zu erf\u00fcllen wie das Janisol 2-Brandschutzsystem. Die Wahl von Stahl als Material erm\u00f6glicht stabile und sichere Strukturen mit extrem d\u00fcnnen Profilen. So ist es m\u00f6glich, multifunktionale T\u00fcren und Trennw\u00e4nde zu schaffen, die sowohl den architektonischen als auch den bautechnischen Anforderungen entsprechen. Die Leistungsf\u00e4higkeit des Systems wird international durch zahlreiche Brandtests in Kombination mit verschiedenen Verglasungen best\u00e4tigt.[\/vc_column_text][\/vc_column_inner][vc_column_inner width=&#8220;1\/2&#8243;][vc_column_text text_lead=&#8220;yes&#8220; uncode_shortcode_id=&#8220;381322&#8243;]Mit der Erweiterung der bew\u00e4hrten Stahlprofilserie bis RC3 um die Panikfunktion pr\u00e4sentiert Jansen dem europ\u00e4ischen Markt eine CE-gekennzeichnete Panikt\u00fcr, die alle Anforderungen der EN 16034 erf\u00fcllt. Die w\u00e4rmeisolierende Feuerschutz-Schiebet\u00fcr Janisol 2 bietet die M\u00f6glichkeit, vollst\u00e4ndig automatisiert zu werden und so einen ber\u00fchrungslosen Durchgang zu schaffen, ein nicht zu untersch\u00e4tzender Faktor in Bezug auf die Hygiene.[\/vc_column_text][\/vc_column_inner][\/vc_row_inner][vc_row_inner][vc_column_inner width=&#8220;1\/1&#8243;][vc_custom_heading text_color=&#8220;accent&#8220; heading_semantic=&#8220;h3&#8243; text_size=&#8220;h3&#8243; uncode_shortcode_id=&#8220;126199&#8243; text_color_type=&#8220;uncode-palette&#8220;]Eigenschaften[\/vc_custom_heading][\/vc_column_inner][\/vc_row_inner][vc_row_inner row_inner_height_percent=&#8220;0&#8243; overlay_alpha=&#8220;50&#8243; gutter_size=&#8220;4&#8243; shift_y=&#8220;0&#8243; limit_content=&#8220;&#8220;][vc_column_inner width=&#8220;1\/2&#8243;][vc_custom_heading text_color=&#8220;accent&#8220; heading_semantic=&#8220;h4&#8243; text_size=&#8220;h4&#8243; uncode_shortcode_id=&#8220;146921&#8243; text_color_type=&#8220;uncode-palette&#8220;]Materialien \/ Oberfl\u00e4chenbehandlung[\/vc_custom_heading][uncode_list larger=&#8220;yes&#8220; icon=&#8220;fa fa-check&#8220; icon_color=&#8220;accent&#8220; uncode_shortcode_id=&#8220;343949&#8243; icon_color_type=&#8220;uncode-palette&#8220;]<\/p>\n<ul>\n<li>Roh oder durchgehend feuerverzinkter Stahl, geeignet f\u00fcr Pulverbeschichtung oder Einbrennen.<\/li>\n<li>Edelstahl 1.4401 unbehandelt oder satiniert<\/li>\n<\/ul>\n<p>[\/uncode_list][\/vc_column_inner][vc_column_inner width=&#8220;1\/2&#8243;][vc_custom_heading text_color=&#8220;accent&#8220; heading_semantic=&#8220;h4&#8243; text_size=&#8220;h4&#8243; uncode_shortcode_id=&#8220;565428&#8243; text_color_type=&#8220;uncode-palette&#8220;]Arten von Elementen[\/vc_custom_heading][uncode_list larger=&#8220;yes&#8220; icon=&#8220;fa fa-check&#8220; icon_color=&#8220;accent&#8220; uncode_shortcode_id=&#8220;763799&#8243; icon_color_type=&#8220;uncode-palette&#8220;]<\/p>\n<ul>\n<li>Einfl\u00fcgelige und zweifl\u00fcgelige T\u00fcren, mit oder ohne Seiten- und Oberlicht<\/li>\n<li>Trennw\u00e4nde mit sichtbaren Glaskanten<\/li>\n<li>Massive Metallt\u00fcren, mit oder ohne Glasf\u00e4cher<\/li>\n<\/ul>\n<p>[\/uncode_list][\/vc_column_inner][\/vc_row_inner][vc_row_inner row_inner_height_percent=&#8220;0&#8243; overlay_alpha=&#8220;50&#8243; gutter_size=&#8220;4&#8243; shift_y=&#8220;0&#8243; limit_content=&#8220;&#8220;][vc_column_inner width=&#8220;1\/2&#8243;][vc_custom_heading text_color=&#8220;accent&#8220; heading_semantic=&#8220;h4&#8243; text_size=&#8220;h4&#8243; uncode_shortcode_id=&#8220;655176&#8243; text_color_type=&#8220;uncode-palette&#8220;]Setups[\/vc_custom_heading][uncode_list larger=&#8220;yes&#8220; icon=&#8220;fa fa-check&#8220; icon_color=&#8220;accent&#8220; uncode_shortcode_id=&#8220;990105&#8243; icon_color_type=&#8220;uncode-palette&#8220;]<\/p>\n<ul>\n<li>Scharniere zum Anschwei\u00dfen oder Anschrauben aus Stahl und Edelstahl<\/li>\n<li>Integrierter T\u00fcrschlie\u00dfer<\/li>\n<li>Mehrpunktverriegelungen (auch motorisiert)<\/li>\n<li>Designer Glashalterung<\/li>\n<li>Panikschl\u00f6sser und horizontale Druckstangen<\/li>\n<\/ul>\n<p>[\/uncode_list][\/vc_column_inner][vc_column_inner width=&#8220;1\/2&#8243;][vc_custom_heading text_color=&#8220;accent&#8220; heading_semantic=&#8220;h4&#8243; text_size=&#8220;h4&#8243; uncode_shortcode_id=&#8220;141894&#8243; text_color_type=&#8220;uncode-palette&#8220;]Besondere technische Merkmale[\/vc_custom_heading][uncode_list larger=&#8220;yes&#8220; icon=&#8220;fa fa-check&#8220; icon_color=&#8220;accent&#8220; uncode_shortcode_id=&#8220;109148&#8243; icon_color_type=&#8220;uncode-palette&#8220;]<\/p>\n<ul>\n<li>Anschluss an Massivmauerwerk oder leichte Trockenbauw\u00e4nde<\/li>\n<li>Zentrale Verglasung<\/li>\n<li>Trocken- und Silikonverglasung<\/li>\n<li>T\u00fcren bis zu einer H\u00f6he von 2,5 m nur mit Fallenschloss ausgestattet<\/li>\n<li>T\u00fcren bis zu einer H\u00f6he von 3,0 m nur mit Falle und Bimetallzunge oder nur mit Falle und oberem Schloss ausgestattet<\/li>\n<\/ul>\n<p>[\/uncode_list][\/vc_column_inner][\/vc_row_inner][vc_row_inner row_inner_height_percent=&#8220;0&#8243; overlay_alpha=&#8220;50&#8243; gutter_size=&#8220;4&#8243; shift_y=&#8220;0&#8243; limit_content=&#8220;&#8220;][vc_column_inner width=&#8220;1\/2&#8243;][vc_custom_heading text_color=&#8220;accent&#8220; heading_semantic=&#8220;h4&#8243; text_size=&#8220;h4&#8243; uncode_shortcode_id=&#8220;732705&#8243; text_color_type=&#8220;uncode-palette&#8220;]Test-Zertifikate[\/vc_custom_heading][uncode_list larger=&#8220;yes&#8220; icon=&#8220;fa fa-check&#8220; icon_color=&#8220;accent&#8220; uncode_shortcode_id=&#8220;174057&#8243; icon_color_type=&#8220;uncode-palette&#8220;]<\/p>\n<ul>\n<li>Feuerwiderstandsklasse EI30 gem\u00e4\u00df EN 1634-1 und DIN4102-5<\/li>\n<li>Rauchschutz nach DIN 18095, EN 1634-3 und EN 13501-2<\/li>\n<li>Mechanische Best\u00e4ndigkeit C5 gem\u00e4\u00df EN 1191<\/li>\n<li>Nott\u00fcren gem\u00e4\u00df EN 1125 \/ EN 179<\/li>\n<li>\nEinbruchschutz RC (WK) 1 bis 3 Luftschalld\u00e4mmung bis zu Rw 43 dB<\/li>\n<\/ul>\n<p>[\/uncode_list][\/vc_column_inner][vc_column_inner width=&#8220;1\/2&#8243;][\/vc_column_inner][\/vc_row_inner][\/vc_column][\/vc_row][vc_row][vc_column width=&#8220;1\/1&#8243;][vc_gallery el_id=&#8220;gallery-180003&#8243; medias=&#8220;145307,145308,145309&#8243; gutter_size=&#8220;3&#8243; media_items=&#8220;media|lightbox|original&#8220; screen_lg=&#8220;1000&#8243; screen_md=&#8220;600&#8243; screen_sm=&#8220;480&#8243; single_width=&#8220;3&#8243; images_size=&#8220;one-one&#8220; single_overlay_opacity=&#8220;50&#8243; single_padding=&#8220;2&#8243; single_border=&#8220;yes&#8220; uncode_shortcode_id=&#8220;143832&#8243;][\/vc_column][\/vc_row][vc_row row_height_percent=&#8220;0&#8243; override_padding=&#8220;yes&#8220; h_padding=&#8220;2&#8243; top_padding=&#8220;0&#8243; bottom_padding=&#8220;0&#8243; overlay_alpha=&#8220;50&#8243; gutter_size=&#8220;3&#8243; shift_y=&#8220;0&#8243;][vc_column width=&#8220;1\/1&#8243;][vc_separator sep_color=&#8220;,Default&#8220;][\/vc_column][\/vc_row][vc_row row_height_percent=&#8220;0&#8243; override_padding=&#8220;yes&#8220; h_padding=&#8220;2&#8243; top_padding=&#8220;4&#8243; bottom_padding=&#8220;4&#8243; overlay_color=&#8220;color-xsdn&#8220; overlay_alpha=&#8220;70&#8243; gutter_size=&#8220;100&#8243; column_width_percent=&#8220;100&#8243; shift_y=&#8220;0&#8243; z_index=&#8220;0&#8243; style=&#8220;inherited&#8220; row_name=&#8220;Welcome&#8220;][vc_column column_width_percent=&#8220;100&#8243; gutter_size=&#8220;1&#8243; overlay_alpha=&#8220;50&#8243; shift_x=&#8220;0&#8243; shift_y=&#8220;0&#8243; shift_y_down=&#8220;0&#8243; z_index=&#8220;0&#8243; medium_width=&#8220;0&#8243; mobile_width=&#8220;0&#8243; sticky=&#8220;yes&#8220; width=&#8220;4\/12&#8243; uncode_shortcode_id=&#8220;116361&#8243;][vc_single_image media=&#8220;141114&#8243; media_width_percent=&#8220;100&#8243; uncode_shortcode_id=&#8220;137462&#8243;][vc_custom_heading heading_semantic=&#8220;h4&#8243; text_font=&#8220;font-469684&#8243; text_size=&#8220;h4&#8243; text_weight=&#8220;400&#8243; text_align=&#8220;text-left&#8220; text_uppercase=&#8220;&#8220; uncode_shortcode_id=&#8220;119592&#8243;]Brandschutzt\u00fcren Schuco ADS 80 FR 30-60[\/vc_custom_heading][\/vc_column][vc_column column_width_percent=&#8220;100&#8243; gutter_size=&#8220;3&#8243; font_family=&#8220;font-469684&#8243; overlay_alpha=&#8220;50&#8243; shift_x=&#8220;0&#8243; shift_y=&#8220;0&#8243; shift_y_down=&#8220;0&#8243; z_index=&#8220;0&#8243; medium_width=&#8220;0&#8243; mobile_width=&#8220;0&#8243; zoom_width=&#8220;0&#8243; zoom_height=&#8220;0&#8243; width=&#8220;8\/12&#8243; uncode_shortcode_id=&#8220;170403&#8243;][vc_row_inner row_inner_height_percent=&#8220;0&#8243; overlay_alpha=&#8220;50&#8243; gutter_size=&#8220;4&#8243; shift_y=&#8220;0&#8243; limit_content=&#8220;&#8220;][vc_column_inner width=&#8220;1\/2&#8243;][vc_column_text text_lead=&#8220;yes&#8220; uncode_shortcode_id=&#8220;139190&#8243;]Das bew\u00e4hrte Sch\u00fcco ADS 80 FR 30 (Fire Resistant) Torsystem mit einer Bautiefe von 80 mm, basierend auf hochstabilen 5-Kammer-Hohlprofilen, bietet eine bemerkenswerte Vielseitigkeit in Anwendung, Funktion und Design.<\/p>\n<p>Dank der Verf\u00fcgbarkeit von zus\u00e4tzlichem Zubeh\u00f6r erm\u00f6glicht das Aluminium-Feuer- und Rauchschutzsystem die Realisierung von ma\u00dfgeschneiderten Multifunktionst\u00fcren f\u00fcr zus\u00e4tzliche Sicherheits- und Geb\u00e4udeautomationsanforderungen. Das Anwendungsspektrum reicht von Einbruchschutz und Panikfunktion \u00fcber optimierte Schallschutz- und Absturzsicherungslasten im Innen- und Au\u00dfenbereich bis hin zur Zutrittskontrolle mit in das Sch\u00fcco T\u00fcrsteuerungssystem integrierten Notausgangssteuerungen.[\/vc_column_text][\/vc_column_inner][vc_column_inner width=&#8220;1\/2&#8243;][vc_column_text text_lead=&#8220;yes&#8220; uncode_shortcode_id=&#8220;607881&#8243;]Gro\u00dfformatige, raumhohe, vollverglaste L\u00f6sungen und gegen\u00fcberliegende T\u00fcren bieten mehr Freiheit in der architektonischen Gestaltung. Die Haltbarkeit und Stabilit\u00e4t des Systems ist nach EN 12400, Klasse 8 in Tests mit bis zu 1 Million Zyklen und nach EN 1192, Klasse 4, in Tests gegen Vandalismus zertifiziert. Die T\u00fcren und feststehenden Spiegel sind nach DIN- und EN-Normen f\u00fcr den Innen- und Au\u00dfenbereich zugelassen und zertifiziert.[\/vc_column_text][vc_custom_heading text_color=&#8220;accent&#8220; heading_semantic=&#8220;h4&#8243; text_size=&#8220;h4&#8243; uncode_shortcode_id=&#8220;157350&#8243; text_color_type=&#8220;uncode-palette&#8220;]Test-Zertifikate[\/vc_custom_heading][uncode_list larger=&#8220;yes&#8220; icon=&#8220;fa fa-check&#8220; icon_color=&#8220;accent&#8220; uncode_shortcode_id=&#8220;408118&#8243; icon_color_type=&#8220;uncode-palette&#8220;]<\/p>\n<ul>\n<li>CE-zertifiziert Mod. Schuco FR 30 &#8211; FR 60 Norm EN 16034:2014 Brandschutzt\u00fcren EI.<\/li>\n<li>CE-zertifiziert Mod. Schuco FR 30 Norm EN 16034:2014 Brandschutzfenster EI.<\/li>\n<li>VKF-Zertifikat &#8211; AEAI<\/li>\n<\/ul>\n<p>[\/uncode_list][\/vc_column_inner][\/vc_row_inner][\/vc_column][\/vc_row][vc_row][vc_column width=&#8220;1\/1&#8243;][vc_gallery el_id=&#8220;gallery-18000394&#8243; medias=&#8220;145311,145320,145319,145310&#8243; gutter_size=&#8220;3&#8243; media_items=&#8220;media|lightbox|original&#8220; screen_lg=&#8220;1000&#8243; screen_md=&#8220;600&#8243; screen_sm=&#8220;480&#8243; single_width=&#8220;3&#8243; images_size=&#8220;one-one&#8220; single_overlay_opacity=&#8220;50&#8243; single_padding=&#8220;2&#8243; single_border=&#8220;yes&#8220; uncode_shortcode_id=&#8220;103005&#8243;][\/vc_column][\/vc_row][vc_row row_height_percent=&#8220;0&#8243; override_padding=&#8220;yes&#8220; h_padding=&#8220;2&#8243; top_padding=&#8220;0&#8243; bottom_padding=&#8220;0&#8243; overlay_alpha=&#8220;50&#8243; gutter_size=&#8220;3&#8243; shift_y=&#8220;0&#8243;][vc_column width=&#8220;1\/1&#8243;][vc_separator sep_color=&#8220;,Default&#8220;][\/vc_column][\/vc_row][vc_row row_height_percent=&#8220;0&#8243; override_padding=&#8220;yes&#8220; h_padding=&#8220;2&#8243; top_padding=&#8220;4&#8243; bottom_padding=&#8220;4&#8243; overlay_alpha=&#8220;70&#8243; gutter_size=&#8220;100&#8243; column_width_percent=&#8220;100&#8243; border_color=&#8220;color-gyho&#8220; border_style=&#8220;solid&#8220; shift_y=&#8220;0&#8243; z_index=&#8220;0&#8243; style=&#8220;inherited&#8220; row_name=&#8220;Welcome&#8220; css=&#8220;.vc_custom_1604504391232{border-bottom-width: 1px !important;}&#8220;][vc_column column_width_percent=&#8220;100&#8243; gutter_size=&#8220;1&#8243; overlay_alpha=&#8220;50&#8243; shift_x=&#8220;0&#8243; shift_y=&#8220;0&#8243; z_index=&#8220;0&#8243; medium_width=&#8220;0&#8243; width=&#8220;4\/12&#8243;][vc_custom_heading text_font=&#8220;font-846016&#8243; text_weight=&#8220;400&#8243; text_align=&#8220;text-left&#8220; text_uppercase=&#8220;&#8220; uncode_shortcode_id=&#8220;930220&#8243;]Partner[\/vc_custom_heading][\/vc_column][vc_column column_width_percent=&#8220;100&#8243; gutter_size=&#8220;3&#8243; overlay_alpha=&#8220;50&#8243; shift_x=&#8220;0&#8243; shift_y=&#8220;0&#8243; medium_width=&#8220;0&#8243; zoom_width=&#8220;0&#8243; zoom_height=&#8220;0&#8243; width=&#8220;8\/12&#8243;][vc_gallery el_id=&#8220;gallery-854575&#8243; medias=&#8220;141116,141115,141114,141113,141112,141111,141110,141319&#8243; gutter_size=&#8220;3&#8243; media_items=&#8220;media|nolink|original,icon&#8220; screen_lg=&#8220;100&#8243; screen_md=&#8220;100&#8243; screen_sm=&#8220;100&#8243; single_overlay_opacity=&#8220;50&#8243; single_overlay_anim=&#8220;no&#8220; single_text_anim=&#8220;no&#8220; single_image_anim=&#8220;no&#8220; single_padding=&#8220;2&#8243; single_border=&#8220;yes&#8220; carousel_rtl=&#8220;&#8220; uncode_shortcode_id=&#8220;200884&#8243;][\/vc_column][\/vc_row]<\/p>\n<\/div>","protected":false},"excerpt":{"rendered":"<p>[vc_row row_height_percent=&#8220;0&#8243; override_padding=&#8220;yes&#8220; h_padding=&#8220;2&#8243; top_padding=&#8220;5&#8243; bottom_padding=&#8220;3&#8243; overlay_alpha=&#8220;50&#8243; gutter_size=&#8220;3&#8243; column_width_percent=&#8220;100&#8243; shift_y=&#8220;0&#8243; z_index=&#8220;0&#8243; content_parallax=&#8220;0&#8243; uncode_shortcode_id=&#8220;606358&#8243;][vc_column width=&#8220;1\/1&#8243;][vc_custom_heading heading_semantic=&#8220;h1&#8243; text_font=&#8220;font-469684&#8243; text_size=&#8220;fontsize-338686&#8243; text_weight=&#8220;500&#8243; text_height=&#8220;fontheight-179065&#8243; sub_reduced=&#8220;yes&#8220; [&hellip;]<\/p>\n","protected":false},"author":3,"featured_media":0,"parent":0,"menu_order":0,"comment_status":"closed","ping_status":"closed","template":"","meta":{"footnotes":""},"class_list":["post-146500","page","type-page","status-publish","hentry"],"yoast_head":"<!-- This site is optimized with the Yoast SEO plugin v25.3.1 - https:\/\/yoast.com\/wordpress\/plugins\/seo\/ -->\n<title>Feuerschutzt\u00fcren - Aluminium Building System<\/title>\n<meta name=\"robots\" content=\"index, follow, max-snippet:-1, max-image-preview:large, max-video-preview:-1\" \/>\n<link rel=\"canonical\" href=\"https:\/\/alusys.ch\/de\/feuerschutztueren\/\" \/>\n<meta property=\"og:locale\" content=\"de_DE\" \/>\n<meta property=\"og:type\" content=\"article\" \/>\n<meta property=\"og:title\" content=\"Feuerschutzt\u00fcren - Aluminium Building System\" \/>\n<meta property=\"og:description\" content=\"[vc_row row_height_percent=&#8220;0&#8243; override_padding=&#8220;yes&#8220; h_padding=&#8220;2&#8243; top_padding=&#8220;5&#8243; bottom_padding=&#8220;3&#8243; overlay_alpha=&#8220;50&#8243; gutter_size=&#8220;3&#8243; column_width_percent=&#8220;100&#8243; shift_y=&#8220;0&#8243; z_index=&#8220;0&#8243; content_parallax=&#8220;0&#8243; uncode_shortcode_id=&#8220;606358&#8243;][vc_column width=&#8220;1\/1&#8243;][vc_custom_heading heading_semantic=&#8220;h1&#8243; text_font=&#8220;font-469684&#8243; text_size=&#8220;fontsize-338686&#8243; text_weight=&#8220;500&#8243; text_height=&#8220;fontheight-179065&#8243; sub_reduced=&#8220;yes&#8220; [&hellip;]\" \/>\n<meta property=\"og:url\" content=\"https:\/\/alusys.ch\/de\/feuerschutztueren\/\" \/>\n<meta property=\"og:site_name\" content=\"Aluminium Building System\" \/>\n<meta property=\"article:publisher\" content=\"https:\/\/www.facebook.com\/people\/Alusys-Sagl\/61574767180188\/?locale=it_IT\" \/>\n<meta property=\"article:modified_time\" content=\"2024-11-22T19:14:51+00:00\" \/>\n<meta name=\"twitter:card\" content=\"summary_large_image\" \/>\n<meta name=\"twitter:label1\" content=\"Gesch\u00e4tzte Lesezeit\" \/>\n\t<meta name=\"twitter:data1\" content=\"9\u00a0Minuten\" \/>\n<script type=\"application\/ld+json\" class=\"yoast-schema-graph\">{\"@context\":\"https:\/\/schema.org\",\"@graph\":[{\"@type\":\"WebPage\",\"@id\":\"https:\/\/alusys.ch\/de\/feuerschutztueren\/\",\"url\":\"https:\/\/alusys.ch\/de\/feuerschutztueren\/\",\"name\":\"Feuerschutzt\u00fcren - Aluminium Building System\",\"isPartOf\":{\"@id\":\"https:\/\/alusys.ch\/de\/#website\"},\"datePublished\":\"2024-10-21T13:19:29+00:00\",\"dateModified\":\"2024-11-22T19:14:51+00:00\",\"breadcrumb\":{\"@id\":\"https:\/\/alusys.ch\/de\/feuerschutztueren\/#breadcrumb\"},\"inLanguage\":\"de\",\"potentialAction\":[{\"@type\":\"ReadAction\",\"target\":[\"https:\/\/alusys.ch\/de\/feuerschutztueren\/\"]}]},{\"@type\":\"BreadcrumbList\",\"@id\":\"https:\/\/alusys.ch\/de\/feuerschutztueren\/#breadcrumb\",\"itemListElement\":[{\"@type\":\"ListItem\",\"position\":1,\"name\":\"Home\",\"item\":\"https:\/\/alusys.ch\/de\/\"},{\"@type\":\"ListItem\",\"position\":2,\"name\":\"Feuerschutzt\u00fcren\"}]},{\"@type\":\"WebSite\",\"@id\":\"https:\/\/alusys.ch\/de\/#website\",\"url\":\"https:\/\/alusys.ch\/de\/\",\"name\":\"Aluminium Building System\",\"description\":\"\",\"publisher\":{\"@id\":\"https:\/\/alusys.ch\/de\/#organization\"},\"potentialAction\":[{\"@type\":\"SearchAction\",\"target\":{\"@type\":\"EntryPoint\",\"urlTemplate\":\"https:\/\/alusys.ch\/de\/?s={search_term_string}\"},\"query-input\":{\"@type\":\"PropertyValueSpecification\",\"valueRequired\":true,\"valueName\":\"search_term_string\"}}],\"inLanguage\":\"de\"},{\"@type\":\"Organization\",\"@id\":\"https:\/\/alusys.ch\/de\/#organization\",\"name\":\"Aluminium Building System\",\"url\":\"https:\/\/alusys.ch\/de\/\",\"logo\":{\"@type\":\"ImageObject\",\"inLanguage\":\"de\",\"@id\":\"https:\/\/alusys.ch\/de\/#\/schema\/logo\/image\/\",\"url\":\"https:\/\/alusys.ch\/wp-content\/uploads\/2024\/11\/Logo-Alusys-2024_colour.png\",\"contentUrl\":\"https:\/\/alusys.ch\/wp-content\/uploads\/2024\/11\/Logo-Alusys-2024_colour.png\",\"width\":800,\"height\":100,\"caption\":\"Aluminium Building System\"},\"image\":{\"@id\":\"https:\/\/alusys.ch\/de\/#\/schema\/logo\/image\/\"},\"sameAs\":[\"https:\/\/www.facebook.com\/people\/Alusys-Sagl\/61574767180188\/?locale=it_IT\"]}]}<\/script>\n<!-- \/ Yoast SEO plugin. -->","yoast_head_json":{"title":"Feuerschutzt\u00fcren - Aluminium Building System","robots":{"index":"index","follow":"follow","max-snippet":"max-snippet:-1","max-image-preview":"max-image-preview:large","max-video-preview":"max-video-preview:-1"},"canonical":"https:\/\/alusys.ch\/de\/feuerschutztueren\/","og_locale":"de_DE","og_type":"article","og_title":"Feuerschutzt\u00fcren - Aluminium Building System","og_description":"[vc_row row_height_percent=&#8220;0&#8243; override_padding=&#8220;yes&#8220; h_padding=&#8220;2&#8243; top_padding=&#8220;5&#8243; bottom_padding=&#8220;3&#8243; overlay_alpha=&#8220;50&#8243; gutter_size=&#8220;3&#8243; column_width_percent=&#8220;100&#8243; shift_y=&#8220;0&#8243; z_index=&#8220;0&#8243; content_parallax=&#8220;0&#8243; uncode_shortcode_id=&#8220;606358&#8243;][vc_column width=&#8220;1\/1&#8243;][vc_custom_heading heading_semantic=&#8220;h1&#8243; text_font=&#8220;font-469684&#8243; text_size=&#8220;fontsize-338686&#8243; text_weight=&#8220;500&#8243; text_height=&#8220;fontheight-179065&#8243; sub_reduced=&#8220;yes&#8220; [&hellip;]","og_url":"https:\/\/alusys.ch\/de\/feuerschutztueren\/","og_site_name":"Aluminium Building System","article_publisher":"https:\/\/www.facebook.com\/people\/Alusys-Sagl\/61574767180188\/?locale=it_IT","article_modified_time":"2024-11-22T19:14:51+00:00","twitter_card":"summary_large_image","twitter_misc":{"Gesch\u00e4tzte Lesezeit":"9\u00a0Minuten"},"schema":{"@context":"https:\/\/schema.org","@graph":[{"@type":"WebPage","@id":"https:\/\/alusys.ch\/de\/feuerschutztueren\/","url":"https:\/\/alusys.ch\/de\/feuerschutztueren\/","name":"Feuerschutzt\u00fcren - Aluminium Building System","isPartOf":{"@id":"https:\/\/alusys.ch\/de\/#website"},"datePublished":"2024-10-21T13:19:29+00:00","dateModified":"2024-11-22T19:14:51+00:00","breadcrumb":{"@id":"https:\/\/alusys.ch\/de\/feuerschutztueren\/#breadcrumb"},"inLanguage":"de","potentialAction":[{"@type":"ReadAction","target":["https:\/\/alusys.ch\/de\/feuerschutztueren\/"]}]},{"@type":"BreadcrumbList","@id":"https:\/\/alusys.ch\/de\/feuerschutztueren\/#breadcrumb","itemListElement":[{"@type":"ListItem","position":1,"name":"Home","item":"https:\/\/alusys.ch\/de\/"},{"@type":"ListItem","position":2,"name":"Feuerschutzt\u00fcren"}]},{"@type":"WebSite","@id":"https:\/\/alusys.ch\/de\/#website","url":"https:\/\/alusys.ch\/de\/","name":"Aluminium Building System","description":"","publisher":{"@id":"https:\/\/alusys.ch\/de\/#organization"},"potentialAction":[{"@type":"SearchAction","target":{"@type":"EntryPoint","urlTemplate":"https:\/\/alusys.ch\/de\/?s={search_term_string}"},"query-input":{"@type":"PropertyValueSpecification","valueRequired":true,"valueName":"search_term_string"}}],"inLanguage":"de"},{"@type":"Organization","@id":"https:\/\/alusys.ch\/de\/#organization","name":"Aluminium Building System","url":"https:\/\/alusys.ch\/de\/","logo":{"@type":"ImageObject","inLanguage":"de","@id":"https:\/\/alusys.ch\/de\/#\/schema\/logo\/image\/","url":"https:\/\/alusys.ch\/wp-content\/uploads\/2024\/11\/Logo-Alusys-2024_colour.png","contentUrl":"https:\/\/alusys.ch\/wp-content\/uploads\/2024\/11\/Logo-Alusys-2024_colour.png","width":800,"height":100,"caption":"Aluminium Building System"},"image":{"@id":"https:\/\/alusys.ch\/de\/#\/schema\/logo\/image\/"},"sameAs":["https:\/\/www.facebook.com\/people\/Alusys-Sagl\/61574767180188\/?locale=it_IT"]}]}},"_links":{"self":[{"href":"https:\/\/alusys.ch\/de\/wp-json\/wp\/v2\/pages\/146500","targetHints":{"allow":["GET"]}}],"collection":[{"href":"https:\/\/alusys.ch\/de\/wp-json\/wp\/v2\/pages"}],"about":[{"href":"https:\/\/alusys.ch\/de\/wp-json\/wp\/v2\/types\/page"}],"author":[{"embeddable":true,"href":"https:\/\/alusys.ch\/de\/wp-json\/wp\/v2\/users\/3"}],"replies":[{"embeddable":true,"href":"https:\/\/alusys.ch\/de\/wp-json\/wp\/v2\/comments?post=146500"}],"version-history":[{"count":2,"href":"https:\/\/alusys.ch\/de\/wp-json\/wp\/v2\/pages\/146500\/revisions"}],"predecessor-version":[{"id":146502,"href":"https:\/\/alusys.ch\/de\/wp-json\/wp\/v2\/pages\/146500\/revisions\/146502"}],"wp:attachment":[{"href":"https:\/\/alusys.ch\/de\/wp-json\/wp\/v2\/media?parent=146500"}],"curies":[{"name":"wp","href":"https:\/\/api.w.org\/{rel}","templated":true}]}}